{"id":312,"date":"2023-12-11T20:47:31","date_gmt":"2023-12-11T20:47:31","guid":{"rendered":"https:\/\/rw63.de\/?page_id=312"},"modified":"2024-08-27T10:31:02","modified_gmt":"2024-08-27T10:31:02","slug":"prebooking","status":"publish","type":"page","link":"https:\/\/rw63.de\/index.php\/prebooking\/","title":{"rendered":"Prebooking"},"content":{"rendered":"\t\t<div data-elementor-type=\"wp-page\" data-elementor-id=\"312\" class=\"elementor elementor-312\">\n\t\t\t\t<div class=\"elementor-element elementor-element-11dd2f3 e-con-full e-flex e-con e-parent\" data-id=\"11dd2f3\" data-element_type=\"container\" data-e-type=\"container\" data-settings=\"{&quot;background_background&quot;:&quot;classic&quot;,&quot;position&quot;:&quot;fixed&quot;}\">\n\t\t\t\t<div class=\"elementor-element elementor-element-8376161 elementor-hidden-tablet elementor-hidden-mobile elementor-invisible elementor-widget elementor-widget-button\" data-id=\"8376161\" data-element_type=\"widget\" data-e-type=\"widget\" data-settings=\"{&quot;_animation&quot;:&quot;pulse&quot;}\" data-widget_type=\"button.default\">\n\t\t\t\t<div class=\"elementor-widget-container\">\n\t\t\t\t\t\t\t\t\t<div class=\"elementor-button-wrapper\">\n\t\t\t\t\t<a class=\"elementor-button elementor-button-link elementor-size-sm\" href=\"#\">\n\t\t\t\t\t\t<span class=\"elementor-button-content-wrapper\">\n\t\t\t\t\t\t\t\t\t<span class=\"elementor-button-text\">Buchbar ab WS24\/25 f\u00fcr SOSE25<\/span>\n\t\t\t\t\t<\/span>\n\t\t\t\t\t<\/a>\n\t\t\t\t<\/div>\n\t\t\t\t\t\t\t\t<\/div>\n\t\t\t\t<\/div>\n\t\t\t\t<div class=\"elementor-element elementor-element-93b10d2 elementor-widget elementor-widget-text-editor\" data-id=\"93b10d2\" data-element_type=\"widget\" data-e-type=\"widget\" data-widget_type=\"text-editor.default\">\n\t\t\t\t<div class=\"elementor-widget-container\">\n\t\t\t\t\t\t\t\t\t<p><a href=\"https:\/\/rw63.de\/index.php\/de\/#apartments\">Apartments<\/a>\u00a0 \u00a0 \u00a0 <a href=\"https:\/\/rw63.de\/index.php\/de\/#ausstattung\">Ausstattung<\/a>\u00a0 \u00a0 <a href=\"https:\/\/rw63.de\/index.php\/de\/#lage\">Lage<\/a>\u00a0 \u00a0 \u00a0<a href=\"https:\/\/rw63.de\/index.php\/de\/#preise\">Preise<\/a>\u00a0 \u00a0 \u00a0<a href=\"https:\/\/rw63.de\/index.php\/de\/#faqs\">FAQ&#8217;s<\/a><\/p>\t\t\t\t\t\t\t\t<\/div>\n\t\t\t\t<\/div>\n\t\t\t\t<\/div>\n\t\t<div class=\"elementor-element elementor-element-ec56f12 e-con-full elementor-hidden-desktop elementor-hidden-laptop e-flex e-con e-parent\" data-id=\"ec56f12\" data-element_type=\"container\" data-e-type=\"container\" data-settings=\"{&quot;background_background&quot;:&quot;classic&quot;,&quot;position&quot;:&quot;fixed&quot;}\">\n\t\t\t\t<div class=\"elementor-element elementor-element-7b8bdc4 elementor-invisible elementor-widget elementor-widget-button\" data-id=\"7b8bdc4\" data-element_type=\"widget\" data-e-type=\"widget\" data-settings=\"{&quot;_animation&quot;:&quot;pulse&quot;,&quot;_animation_tablet&quot;:&quot;bounceIn&quot;,&quot;_animation_delay&quot;:120}\" data-widget_type=\"button.default\">\n\t\t\t\t<div class=\"elementor-widget-container\">\n\t\t\t\t\t\t\t\t\t<div class=\"elementor-button-wrapper\">\n\t\t\t\t\t<a class=\"elementor-button elementor-button-link elementor-size-sm\" href=\"#\">\n\t\t\t\t\t\t<span class=\"elementor-button-content-wrapper\">\n\t\t\t\t\t\t\t\t\t<span class=\"elementor-button-text\">Buchbar ab WS24\/25 f\u00fcr SOSE25<\/span>\n\t\t\t\t\t<\/span>\n\t\t\t\t\t<\/a>\n\t\t\t\t<\/div>\n\t\t\t\t\t\t\t\t<\/div>\n\t\t\t\t<\/div>\n\t\t\t\t<\/div>\n\t\t<div class=\"elementor-element elementor-element-9b313a7 e-flex e-con-boxed e-con e-parent\" data-id=\"9b313a7\" data-element_type=\"container\" data-e-type=\"container\">\n\t\t\t\t\t<div class=\"e-con-inner\">\n\t\t<div class=\"elementor-element elementor-element-604d6b0 e-con-full e-flex e-con e-child\" data-id=\"604d6b0\" data-element_type=\"container\" data-e-type=\"container\">\n\t\t<div class=\"elementor-element elementor-element-bcaf108 e-con-full e-flex e-con e-child\" data-id=\"bcaf108\" data-element_type=\"container\" data-e-type=\"container\" data-settings=\"{&quot;background_background&quot;:&quot;classic&quot;}\">\n\t\t\t\t<div class=\"elementor-element elementor-element-79c6ca8 elementor-widget__width-inherit elementor-invisible elementor-widget elementor-widget-heading\" data-id=\"79c6ca8\" data-element_type=\"widget\" data-e-type=\"widget\" data-settings=\"{&quot;_animation&quot;:&quot;fadeIn&quot;,&quot;_animation_delay&quot;:500}\" data-widget_type=\"heading.default\">\n\t\t\t\t<div class=\"elementor-widget-container\">\n\t\t\t\t\t<h2 class=\"elementor-heading-title elementor-size-default\">Reminder erstellen.<\/h2>\t\t\t\t<\/div>\n\t\t\t\t<\/div>\n\t\t\t\t<div class=\"elementor-element elementor-element-c624d2f elementor-widget elementor-widget-text-editor\" data-id=\"c624d2f\" data-element_type=\"widget\" data-e-type=\"widget\" data-widget_type=\"text-editor.default\">\n\t\t\t\t<div class=\"elementor-widget-container\">\n\t\t\t\t\t\t\t\t\t<h1>Unsere Apartments kannst du ab dem 1. Januar 2024 buchen. Trage dich in unsere Mailingsliste ein, wir informieren dich automatisch sobald die Buchung online m\u00f6glich ist.<\/h1><div>Verpasse also nicht, dass du dein gew\u00fcnschtes Apartment reservieren kannst!<\/div>\t\t\t\t\t\t\t\t<\/div>\n\t\t\t\t<\/div>\n\t\t\t\t<div class=\"elementor-element elementor-element-6bff1b1 prebookingform elementor-widget elementor-widget-shortcode\" data-id=\"6bff1b1\" data-element_type=\"widget\" data-e-type=\"widget\" data-widget_type=\"shortcode.default\">\n\t\t\t\t<div class=\"elementor-widget-container\">\n\t\t\t\t\t\t\t<div class=\"elementor-shortcode\">\n\t\t\t<form id=\"sib_signup_form_2\" method=\"post\" class=\"sib_signup_form\">\n\t\t\t\t<div class=\"sib_loader\" style=\"display:none;\"><img\n\t\t\t\t\t\t\tsrc=\"https:\/\/rw63.de\/wp-includes\/images\/spinner.gif\" alt=\"loader\"><\/div>\n\t\t\t\t<input type=\"hidden\" name=\"sib_form_action\" value=\"subscribe_form_submit\">\n\t\t\t\t<input type=\"hidden\" name=\"sib_form_id\" value=\"2\">\n                <input type=\"hidden\" name=\"sib_form_alert_notice\" value=\"Bitte f\u00fclle alle n\u00f6tigen Felder vollst\u00e4ndig aus.\">\n                <input type=\"hidden\" name=\"sib_form_invalid_email_notice\" value=\"Bitte gib eine korrekte E-Mailadresse ein.\">\n                <input type=\"hidden\" name=\"sib_security\" value=\"46016965c5\">\n\t\t\t\t<div class=\"sib_signup_box_inside_2\">\n\t\t\t\t\t<div style=\"\/*display:none*\/\" class=\"sib_msg_disp\">\n\t\t\t\t\t<\/div>\n                    \t\t\t\t\t<p class=\"sib-VORNAME-area\"> \r\n    <label class=\"sib-VORNAME-area\">Vorname<\/label> \r\n    <input type=\"text\" class=\"prebookinginput\" name=\"VORNAME\" required=\"required\"> \r\n<\/p>\r\n<p class=\"sib-NACHNAME-area\">\r\n    <label>Name<\/label>\r\n    <input type=\"text\" class=\"prebookinginput\" name=\"NACHNAME\" required=\"required\">\r\n<\/p>\r\n<p class=\"sib-email-area\">\r\n    <label>E-Mailadresse<\/label>\r\n    <input type=\"email\" class=\"prebookinginput\" name=\"email\" required=\"required\">\r\n<\/p>\r\n<p>\r\n    <input type=\"submit\" class=\"prebooking_form_sendbtn\" value=\"Reminder erstellen\">\r\n<\/p>\r\n\t\t\t\t<\/div>\n\t\t\t<\/form>\n\t\t\t<style>\n\t\t\t\tform#sib_signup_form_2 p.sib-alert-message {\n    padding: 6px 12px;\n    margin-bottom: 20px;\n    border: 1px solid transparent;\n    border-radius: 4px;\n    -webkit-box-sizing: border-box;\n    -moz-box-sizing: border-box;\n    box-sizing: border-box;\n}\nform#sib_signup_form_2 p.sib-alert-message-error {\n    background-color: #f2dede;\n    border-color: #ebccd1;\n    color: #a94442;\n}\nform#sib_signup_form_2 p.sib-alert-message-success {\n    background-color: #dff0d8;\n    border-color: #d6e9c6;\n    color: #3c763d;\n}\nform#sib_signup_form_2 p.sib-alert-message-warning {\n    background-color: #fcf8e3;\n    border-color: #faebcc;\n    color: #8a6d3b;\n}\n\t\t\t<\/style>\n\t\t\t<\/div>\n\t\t\t\t\t\t<\/div>\n\t\t\t\t<\/div>\n\t\t\t\t<\/div>\n\t\t\t\t<\/div>\n\t\t\t\t\t<\/div>\n\t\t\t\t<\/div>\n\t\t<div class=\"elementor-element elementor-element-2adbd50 e-flex e-con-boxed e-con e-parent\" data-id=\"2adbd50\" data-element_type=\"container\" data-e-type=\"container\">\n\t\t\t\t\t<div class=\"e-con-inner\">\n\t\t\t\t<div class=\"elementor-element elementor-element-0eda199 elementor-widget elementor-widget-text-editor\" data-id=\"0eda199\" data-element_type=\"widget\" data-e-type=\"widget\" data-widget_type=\"text-editor.default\">\n\t\t\t\t<div class=\"elementor-widget-container\">\n\t\t\t\t\t\t\t\t\t<p><a href=\"https:\/\/rw63.de\/index.php\/impressum\/\">Impressum<\/a> &#8211; <a href=\"https:\/\/rw63.de\/index.php\/datenschutz\/\">Datenschutz<\/a> &#8211; <a href=\"https:\/\/rw63.de\/index.php\/agb\/\">Mietbedingungen<\/a><\/p>\t\t\t\t\t\t\t\t<\/div>\n\t\t\t\t<\/div>\n\t\t\t\t\t<\/div>\n\t\t\t\t<\/div>\n\t\t\t\t<\/div>\n\t\t","protected":false},"excerpt":{"rendered":"<p>Buchbar ab WS24\/25 f\u00fcr SOSE25 Apartments\u00a0 \u00a0 \u00a0 Ausstattung\u00a0 \u00a0 Lage\u00a0 \u00a0 \u00a0Preise\u00a0 \u00a0 \u00a0FAQ&#8217;s Buchbar ab WS24\/25 f\u00fcr SOSE25 Reminder erstellen. Unsere Apartments kannst du ab dem 1. Januar 2024 buchen. Trage dich in unsere Mailingsliste ein, wir informieren dich automatisch sobald die Buchung online m\u00f6glich ist. Verpasse also nicht, dass du dein gew\u00fcnschtes [&hellip;]<\/p>\n","protected":false},"author":1,"featured_media":0,"parent":0,"menu_order":0,"comment_status":"closed","ping_status":"closed","template":"","meta":{"footnotes":""},"class_list":["post-312","page","type-page","status-publish","hentry"],"_links":{"self":[{"href":"https:\/\/rw63.de\/index.php\/wp-json\/wp\/v2\/pages\/312","targetHints":{"allow":["GET"]}}],"collection":[{"href":"https:\/\/rw63.de\/index.php\/wp-json\/wp\/v2\/pages"}],"about":[{"href":"https:\/\/rw63.de\/index.php\/wp-json\/wp\/v2\/types\/page"}],"author":[{"embeddable":true,"href":"https:\/\/rw63.de\/index.php\/wp-json\/wp\/v2\/users\/1"}],"replies":[{"embeddable":true,"href":"https:\/\/rw63.de\/index.php\/wp-json\/wp\/v2\/comments?post=312"}],"version-history":[{"count":20,"href":"https:\/\/rw63.de\/index.php\/wp-json\/wp\/v2\/pages\/312\/revisions"}],"predecessor-version":[{"id":360,"href":"https:\/\/rw63.de\/index.php\/wp-json\/wp\/v2\/pages\/312\/revisions\/360"}],"wp:attachment":[{"href":"https:\/\/rw63.de\/index.php\/wp-json\/wp\/v2\/media?parent=312"}],"curies":[{"name":"wp","href":"https:\/\/api.w.org\/{rel}","templated":true}]}}