{"id":215,"date":"2023-12-11T20:47:31","date_gmt":"2023-12-11T20:47:31","guid":{"rendered":"https:\/\/rw63.de\/?page_id=215"},"modified":"2025-11-02T19:36:36","modified_gmt":"2025-11-02T19:36:36","slug":"impressum","status":"publish","type":"page","link":"https:\/\/rw63.de\/index.php\/impressum\/","title":{"rendered":"Impressum"},"content":{"rendered":"\t\t<div data-elementor-type=\"wp-page\" data-elementor-id=\"215\" class=\"elementor elementor-215\">\n\t\t\t\t<div class=\"elementor-element elementor-element-11dd2f3 e-con-full e-flex e-con e-parent\" data-id=\"11dd2f3\" data-element_type=\"container\" data-e-type=\"container\" data-settings=\"{&quot;background_background&quot;:&quot;classic&quot;,&quot;position&quot;:&quot;fixed&quot;}\">\n\t\t\t\t<div class=\"elementor-element elementor-element-8376161 elementor-hidden-tablet elementor-hidden-mobile elementor-invisible elementor-widget elementor-widget-button\" data-id=\"8376161\" data-element_type=\"widget\" data-e-type=\"widget\" data-settings=\"{&quot;_animation&quot;:&quot;pulse&quot;}\" data-widget_type=\"button.default\">\n\t\t\t\t<div class=\"elementor-widget-container\">\n\t\t\t\t\t\t\t\t\t<div class=\"elementor-button-wrapper\">\n\t\t\t\t\t<a class=\"elementor-button elementor-button-link elementor-size-sm\" href=\"https:\/\/app.rw63.de\">\n\t\t\t\t\t\t<span class=\"elementor-button-content-wrapper\">\n\t\t\t\t\t\t\t\t\t<span class=\"elementor-button-text\">Jetzt anfragen<\/span>\n\t\t\t\t\t<\/span>\n\t\t\t\t\t<\/a>\n\t\t\t\t<\/div>\n\t\t\t\t\t\t\t\t<\/div>\n\t\t\t\t<\/div>\n\t\t\t\t<div class=\"elementor-element elementor-element-93b10d2 elementor-widget elementor-widget-text-editor\" data-id=\"93b10d2\" data-element_type=\"widget\" data-e-type=\"widget\" data-widget_type=\"text-editor.default\">\n\t\t\t\t<div class=\"elementor-widget-container\">\n\t\t\t\t\t\t\t\t\t<a href=\"https:\/\/rw63.de\/index.php\/de\/#ausstattung\">Ausstattung<\/a>\u00a0\u00a0 \u00a0 <a href=\"https:\/\/rw63.de\/index.php\/de\/#preise\">Preise<\/a>\u00a0\u00a0 \u00a0 <a href=\"https:\/\/rw63.de\/index.php\/de\/#apartments\">Apartments<\/a>\u00a0\u00a0 \u00a0 <a href=\"https:\/\/rw63.de\/index.php\/de\/#lage\">Lage<\/a>\u00a0\u00a0 \u00a0 <a href=\"https:\/\/rw63.de\/index.php\/de\/#faqs\">FAQ&#8217;s<\/a>\t\t\t\t\t\t\t\t<\/div>\n\t\t\t\t<\/div>\n\t\t\t\t<\/div>\n\t\t<div class=\"elementor-element elementor-element-ec56f12 e-con-full elementor-hidden-desktop elementor-hidden-laptop e-flex e-con e-parent\" data-id=\"ec56f12\" data-element_type=\"container\" data-e-type=\"container\" data-settings=\"{&quot;background_background&quot;:&quot;classic&quot;,&quot;position&quot;:&quot;fixed&quot;}\">\n\t\t\t\t<div class=\"elementor-element elementor-element-7b8bdc4 elementor-invisible elementor-widget elementor-widget-button\" data-id=\"7b8bdc4\" data-element_type=\"widget\" data-e-type=\"widget\" data-settings=\"{&quot;_animation&quot;:&quot;pulse&quot;,&quot;_animation_tablet&quot;:&quot;bounceIn&quot;,&quot;_animation_delay&quot;:120}\" data-widget_type=\"button.default\">\n\t\t\t\t<div class=\"elementor-widget-container\">\n\t\t\t\t\t\t\t\t\t<div class=\"elementor-button-wrapper\">\n\t\t\t\t\t<a class=\"elementor-button elementor-button-link elementor-size-sm\" href=\"https:\/\/app.rw63.de\">\n\t\t\t\t\t\t<span class=\"elementor-button-content-wrapper\">\n\t\t\t\t\t\t\t\t\t<span class=\"elementor-button-text\">Jetzt buchen<\/span>\n\t\t\t\t\t<\/span>\n\t\t\t\t\t<\/a>\n\t\t\t\t<\/div>\n\t\t\t\t\t\t\t\t<\/div>\n\t\t\t\t<\/div>\n\t\t\t\t<\/div>\n\t\t<div class=\"elementor-element elementor-element-9b313a7 e-con-full e-flex e-con e-parent\" data-id=\"9b313a7\" data-element_type=\"container\" data-e-type=\"container\">\n\t\t<div class=\"elementor-element elementor-element-604d6b0 e-con-full e-flex e-con e-child\" data-id=\"604d6b0\" data-element_type=\"container\" data-e-type=\"container\">\n\t\t\t\t<div class=\"elementor-element elementor-element-b4316e5 elementor-widget elementor-widget-image\" data-id=\"b4316e5\" data-element_type=\"widget\" data-e-type=\"widget\" data-widget_type=\"image.default\">\n\t\t\t\t<div class=\"elementor-widget-container\">\n\t\t\t\t\t\t\t\t\t\t\t\t\t\t\t<img fetchpriority=\"high\" decoding=\"async\" width=\"768\" height=\"960\" src=\"https:\/\/rw63.de\/wp-content\/uploads\/2024\/01\/rw63_logo_petrol-768x960.png\" class=\"attachment-medium_large size-medium_large wp-image-25\" alt=\"\" srcset=\"https:\/\/rw63.de\/wp-content\/uploads\/2024\/01\/rw63_logo_petrol-768x960.png 768w, https:\/\/rw63.de\/wp-content\/uploads\/2024\/01\/rw63_logo_petrol-240x300.png 240w, https:\/\/rw63.de\/wp-content\/uploads\/2024\/01\/rw63_logo_petrol.png 800w\" sizes=\"(max-width: 768px) 100vw, 768px\" \/>\t\t\t\t\t\t\t\t\t\t\t\t\t\t\t<\/div>\n\t\t\t\t<\/div>\n\t\t\t\t<\/div>\n\t\t<div class=\"elementor-element elementor-element-bcaf108 e-con-full e-flex e-con e-child\" data-id=\"bcaf108\" data-element_type=\"container\" data-e-type=\"container\" data-settings=\"{&quot;background_background&quot;:&quot;classic&quot;}\">\n\t\t\t\t<div class=\"elementor-element elementor-element-79c6ca8 elementor-widget__width-inherit elementor-invisible elementor-widget elementor-widget-heading\" data-id=\"79c6ca8\" data-element_type=\"widget\" data-e-type=\"widget\" data-settings=\"{&quot;_animation&quot;:&quot;fadeIn&quot;,&quot;_animation_delay&quot;:500}\" data-widget_type=\"heading.default\">\n\t\t\t\t<div class=\"elementor-widget-container\">\n\t\t\t\t\t<h2 class=\"elementor-heading-title elementor-size-default\">Impressum.<\/h2>\t\t\t\t<\/div>\n\t\t\t\t<\/div>\n\t\t\t\t<div class=\"elementor-element elementor-element-c624d2f elementor-widget elementor-widget-text-editor\" data-id=\"c624d2f\" data-element_type=\"widget\" data-e-type=\"widget\" data-widget_type=\"text-editor.default\">\n\t\t\t\t<div class=\"elementor-widget-container\">\n\t\t\t\t\t\t\t\t\t<strong>Walter Becker Holding GmbH<\/strong><br><br>\nAm Gauberg 2<br>\n66780 Rehlingen &#8211; Siersburg<br>\nmail@wbholding.net<br>\nwww.wbholding.net<br><br>\n\nVertreten durch Gesch\u00e4ftsf\u00fchrer Martin Becker<br><br>\n\nAmtsgericht Saarbr\u00fccken<br>\nHRB 25754<br>\nUSt-IdNr.: DE 288 830 978<br><br>\n\n<b>Fotos:<\/b><br>\nFahrrad: Foto von <a href=\"https:\/\/unsplash.com\/de\/@peter_mc_greats?utm_content=creditCopyText&amp;utm_medium=referral&amp;utm_source=unsplash\">Pietro De Grandi<\/a> auf <a href=\"https:\/\/unsplash.com\/de\/fotos\/graues-und-braunes-rennrad-LsP4zFtqnhs?utm_content=creditCopyText&amp;utm_medium=referral&amp;utm_source=unsplash\">Unsplash<\/a><br>\nSaarbr\u00fccken:\u00a0Foto von <a href=\"https:\/\/unsplash.com\/de\/@driversk?utm_content=creditCopyText&amp;utm_medium=referral&amp;utm_source=unsplash\">Dana Rivers-Kirby<\/a> auf <a style=\"text-align: var(--text-align);\" href=\"https:\/\/unsplash.com\/de\/fotos\/ein-blau-weisser-zug-fahrt-eine-strasse-neben-hohen-gebauden-entlang-7cgLyMPk0CE?utm_content=creditCopyText&amp;utm_medium=referral&amp;utm_source=unsplash\">Unsplash<\/a><br>\nTasche:\u00a0Foto von <a href=\"https:\/\/unsplash.com\/de\/@ultralinx?utm_content=creditCopyText&amp;utm_medium=referral&amp;utm_source=unsplash\">Oliur<\/a> auf <a href=\"https:\/\/unsplash.com\/de\/fotos\/silbernes-macbook-im-seesack-1JNk998-g70?utm_content=creditCopyText&amp;utm_medium=referral&amp;utm_source=unsplash\">Unsplash<\/a><br>\nKoffer:\u00a0Foto von <a href=\"https:\/\/unsplash.com\/de\/@anete_lusina?utm_content=creditCopyText&amp;utm_medium=referral&amp;utm_source=unsplash\">Anete L\u016bsi\u0146a<\/a> auf <a href=\"https:\/\/unsplash.com\/de\/fotos\/schwarze-dslr-kamera-in-der-nahe-von-sonnenbrille-und-tasche-GOZxrAlNIt4?utm_content=creditCopyText&amp;utm_medium=referral&amp;utm_source=unsplash\">Unsplash<\/a>\t\t\t\t\t\t\t\t<\/div>\n\t\t\t\t<\/div>\n\t\t\t\t<\/div>\n\t\t<div class=\"elementor-element elementor-element-1d720f1 e-con-full elementor-hidden-desktop elementor-hidden-laptop elementor-hidden-tablet elementor-hidden-mobile e-flex e-con e-child\" data-id=\"1d720f1\" data-element_type=\"container\" data-e-type=\"container\" data-settings=\"{&quot;background_background&quot;:&quot;slideshow&quot;,&quot;background_slideshow_gallery&quot;:[],&quot;background_slideshow_loop&quot;:&quot;yes&quot;,&quot;background_slideshow_slide_duration&quot;:5000,&quot;background_slideshow_slide_transition&quot;:&quot;fade&quot;,&quot;background_slideshow_transition_duration&quot;:500}\">\n\t\t\t\t<div class=\"elementor-element elementor-element-2c93642 elementor-view-default elementor-widget elementor-widget-icon\" data-id=\"2c93642\" data-element_type=\"widget\" data-e-type=\"widget\" data-widget_type=\"icon.default\">\n\t\t\t\t<div class=\"elementor-widget-container\">\n\t\t\t\t\t\t\t<div class=\"elementor-icon-wrapper\">\n\t\t\t<a class=\"elementor-icon\" href=\"#apartments\">\n\t\t\t<svg aria-hidden=\"true\" class=\"e-font-icon-svg e-fas-arrow-down\" viewBox=\"0 0 448 512\" xmlns=\"http:\/\/www.w3.org\/2000\/svg\"><path d=\"M413.1 222.5l22.2 22.2c9.4 9.4 9.4 24.6 0 33.9L241 473c-9.4 9.4-24.6 9.4-33.9 0L12.7 278.6c-9.4-9.4-9.4-24.6 0-33.9l22.2-22.2c9.5-9.5 25-9.3 34.3.4L184 343.4V56c0-13.3 10.7-24 24-24h32c13.3 0 24 10.7 24 24v287.4l114.8-120.5c9.3-9.8 24.8-10 34.3-.4z\"><\/path><\/svg>\t\t\t<\/a>\n\t\t<\/div>\n\t\t\t\t\t\t<\/div>\n\t\t\t\t<\/div>\n\t\t\t\t<\/div>\n\t\t\t\t<\/div>\n\t\t<div class=\"elementor-element elementor-element-2adbd50 e-flex e-con-boxed e-con e-parent\" data-id=\"2adbd50\" data-element_type=\"container\" data-e-type=\"container\">\n\t\t\t\t\t<div class=\"e-con-inner\">\n\t\t\t\t<div class=\"elementor-element elementor-element-0eda199 elementor-widget elementor-widget-text-editor\" data-id=\"0eda199\" data-element_type=\"widget\" data-e-type=\"widget\" data-widget_type=\"text-editor.default\">\n\t\t\t\t<div class=\"elementor-widget-container\">\n\t\t\t\t\t\t\t\t\t<p><a href=\"https:\/\/rw63.de\/index.php\/impressum\/\">Impressum<\/a> &#8211; <a href=\"https:\/\/rw63.de\/index.php\/datenschutz\/\">Datenschutz<\/a> &#8211; <a href=\"https:\/\/rw63.de\/index.php\/agb\/\">Mietbedingungen<\/a><\/p>\t\t\t\t\t\t\t\t<\/div>\n\t\t\t\t<\/div>\n\t\t\t\t\t<\/div>\n\t\t\t\t<\/div>\n\t\t\t\t<\/div>\n\t\t","protected":false},"excerpt":{"rendered":"<p>Jetzt anfragen Ausstattung\u00a0\u00a0 \u00a0 Preise\u00a0\u00a0 \u00a0 Apartments\u00a0\u00a0 \u00a0 Lage\u00a0\u00a0 \u00a0 FAQ&#8217;s Jetzt buchen Impressum. Walter Becker Holding GmbH Am Gauberg 2 66780 Rehlingen &#8211; Siersburg mail@wbholding.net www.wbholding.net Vertreten durch Gesch\u00e4ftsf\u00fchrer Martin Becker Amtsgericht Saarbr\u00fccken HRB 25754 USt-IdNr.: DE 288 830 978 Fotos: Fahrrad: Foto von Pietro De Grandi auf Unsplash Saarbr\u00fccken:\u00a0Foto von Dana Rivers-Kirby auf [&hellip;]<\/p>\n","protected":false},"author":1,"featured_media":0,"parent":0,"menu_order":0,"comment_status":"closed","ping_status":"closed","template":"","meta":{"footnotes":""},"class_list":["post-215","page","type-page","status-publish","hentry"],"_links":{"self":[{"href":"https:\/\/rw63.de\/index.php\/wp-json\/wp\/v2\/pages\/215","targetHints":{"allow":["GET"]}}],"collection":[{"href":"https:\/\/rw63.de\/index.php\/wp-json\/wp\/v2\/pages"}],"about":[{"href":"https:\/\/rw63.de\/index.php\/wp-json\/wp\/v2\/types\/page"}],"author":[{"embeddable":true,"href":"https:\/\/rw63.de\/index.php\/wp-json\/wp\/v2\/users\/1"}],"replies":[{"embeddable":true,"href":"https:\/\/rw63.de\/index.php\/wp-json\/wp\/v2\/comments?post=215"}],"version-history":[{"count":46,"href":"https:\/\/rw63.de\/index.php\/wp-json\/wp\/v2\/pages\/215\/revisions"}],"predecessor-version":[{"id":480,"href":"https:\/\/rw63.de\/index.php\/wp-json\/wp\/v2\/pages\/215\/revisions\/480"}],"wp:attachment":[{"href":"https:\/\/rw63.de\/index.php\/wp-json\/wp\/v2\/media?parent=215"}],"curies":[{"name":"wp","href":"https:\/\/api.w.org\/{rel}","templated":true}]}}